{"id":32602,"date":"2013-07-09T10:35:48","date_gmt":"2013-07-09T10:35:48","guid":{"rendered":"http:\/\/www.alground.com\/site\/?page_id=32602"},"modified":"2015-09-14T07:07:12","modified_gmt":"2015-09-14T06:07:12","slug":"accrediti","status":"publish","type":"page","link":"https:\/\/alground.com\/site\/accrediti\/","title":{"rendered":"Accrediti"},"content":{"rendered":"<p>Alground.com, portale italiano di guide e tutorial Tech, promuove e sostiene economicamente le associazioni che supportano la sicurezza informatica internazionale. Di seguito le comunit\u00e0 di cui Alground fa parte:<\/p>\n<p style=\"text-align: left;\"><strong>Clusit &#8211; Associazione italiana per la sicurezza informatica<\/strong><\/p>\n<p><a href=\"http:\/\/www.clusit.it\/\"><img loading=\"lazy\" decoding=\"async\" class=\"size-medium wp-image-32603 alignleft\" src=\"https:\/\/www.alground.com\/origin\/wp-content\/uploads\/2013\/06\/logo_clusit-300x169.jpg\" alt=\"logo_clusit\" width=\"136\" height=\"70\" \/><\/a>Il CLUSIT nasce sulla scorta delle esperienze di altre associazioni europee per la sicurezza informatica. Diffonde la cultura della sicurezza informatica, partecipa all&#8217;elaborazione delle leggi, contribuisce ai percorsi di formazione nel campo e promuove l&#8217;uso di metodologie per migliorare la sicurezza. Alground \u00e8 membro Clusit dal 2 giugno 2013.<\/p>\n<p><strong><br \/>\nWebsite Protection Scanner &#8211; Strumento di sicurezza ufficiale GoDaddy.com<\/strong><\/p>\n<p><a href=\"http:\/\/www.godaddy.com\/security\/website-security.aspx\"><img loading=\"lazy\" decoding=\"async\" class=\"alignleft size-medium wp-image-32606\" style=\"margin: 5px;\" src=\"https:\/\/www.alground.com\/origin\/wp-content\/uploads\/2013\/06\/website_protection_scanner_logo-300x61.jpg\" alt=\"website_protection_scanner_logo\" width=\"300\" height=\"61\" srcset=\"https:\/\/alground.com\/site\/wp-content\/uploads\/2013\/06\/website_protection_scanner_logo-300x61.jpg 300w, https:\/\/alground.com\/site\/wp-content\/uploads\/2013\/06\/website_protection_scanner_logo-768x157.jpg 768w, https:\/\/alground.com\/site\/wp-content\/uploads\/2013\/06\/website_protection_scanner_logo-1024x209.jpg 1024w, https:\/\/alground.com\/site\/wp-content\/uploads\/2013\/06\/website_protection_scanner_logo.jpg 1276w\" sizes=\"auto, (max-width: 300px) 100vw, 300px\" \/><\/a>Lo strumento per la sicurezza WebSite Protection Scanner, garantisce l&#8217;attendibilit\u00e0 del server, delle pagine web, del codice e del CMS di Alground.com tramite un controllo giornaliero e automatico.<\/p>\n<p style=\"text-align: left;\"><strong><br \/>\nSucuri Site Check &#8211; Analisi di sicurezza multi piattaforma<\/strong><\/p>\n<p><a href=\"http:\/\/sucuri.net\/\"><img loading=\"lazy\" decoding=\"async\" class=\"alignleft size-medium wp-image-32615\" src=\"https:\/\/www.alground.com\/origin\/wp-content\/uploads\/2013\/06\/sucuri_logo-300x114.jpg\" alt=\"sucuri_logo\" width=\"145\" height=\"53\" \/><\/a>Alground.com \u00e8 certificato da Sucuri, dopo aver sottoposto il dominio ad un controllo di sicurezza con Google Safe Browser, Norton Safe Web, Phish Tank, Opera Browser, Site Advisor, Yandex e Sucuri Malware Labs<\/p>\n<p><strong><br \/>\nWebSiteDefender &#8211; Protezione WordPress<\/strong><\/p>\n<p><a href=\"http:\/\/www.websitedefender.com\/\"><img loading=\"lazy\" decoding=\"async\" class=\"alignleft size-medium wp-image-32633\" style=\"margin: 5px;\" src=\"https:\/\/www.alground.com\/origin\/wp-content\/uploads\/2013\/06\/websitedefender-logo-300x111.jpg\" alt=\"websitedefender-logo\" width=\"174\" height=\"63\" \/><\/a>Alground.com \u00e8 basato sul CMS di libero utilizzo WordPress. Le attivit\u00e0, i collegamenti, la gestione dei dati e di qualsiasi traccia degli utenti \u00e8 anonima e protetta contro attacchi informatici e hacker grazie all&#8217;integrazione dello strumento WebSiteDefender<\/p>\n<p><strong><br \/>\nHTML 5 &#8211; Promotori e sostenitori<\/strong><\/p>\n<p><img loading=\"lazy\" decoding=\"async\" class=\"alignleft\" title=\"HTML5 Powered with CSS3 \/ Styling, Device Access, and Multimedia\" src=\"http:\/\/www.w3.org\/html\/logo\/badge\/html5-badge-h-css3-device-multimedia.png\" alt=\"HTML5 Powered with CSS3 \/ Styling, Device Access, and Multimedia\" width=\"173\" height=\"56\" \/>Alground \u00e8 entusiasta della nuova frontiera dell&#8217;Html 5 e delle possibilit\u00e0 che il nuovo codice di rendering offre al futuro della rete e lo utilizza nei fogli di stile CSS, per favorire la lettura da diversi device e nell&#8217;integrazione degli elementi multimediali.<\/p>\n<p>&nbsp;<\/p>\n<p><strong>ISSA &#8211; Information Systems Security Association<\/strong><\/p>\n<p><a href=\"http:\/\/www.issa.org\"><img loading=\"lazy\" decoding=\"async\" class=\"alignleft size-medium wp-image-32642\" style=\"margin: 5px;\" src=\"https:\/\/www.alground.com\/origin\/wp-content\/uploads\/2013\/06\/logo_issa-300x78.jpg\" alt=\"logo_issa\" width=\"212\" height=\"55\" \/><\/a>Alground \u00e8 membro ISSA, comunit\u00e0 che raccoglie i professionisti della sicurezza dediti alla gestione dei rischi tecnologici ed alla protezione delle informazioni sensibili e delle infrastrutture dedicate alla gestione delle informazioni riservate.<\/p>\n","protected":false},"excerpt":{"rendered":"<p>Alground.com, portale italiano di guide e tutorial Tech, promuove e sostiene economicamente le associazioni che supportano la sicurezza informatica internazionale. Di seguito le comunit\u00e0 di cui Alground fa parte: Clusit &#8211; Associazione italiana per la sicurezza informatica Il CLUSIT nasce sulla scorta delle esperienze di altre associazioni europee per la sicurezza informatica. Diffonde la cultura [&hellip;]<\/p>\n","protected":false},"author":2,"featured_media":0,"parent":0,"menu_order":0,"comment_status":"closed","ping_status":"open","template":"","meta":{"pmpro_default_level":"","footnotes":""},"class_list":{"0":"post-32602","1":"page","2":"type-page","3":"status-publish","5":"pmpro-has-access"},"aioseo_notices":[],"wps_subtitle":"","_links":{"self":[{"href":"https:\/\/alground.com\/site\/wp-json\/wp\/v2\/pages\/32602","targetHints":{"allow":["GET"]}}],"collection":[{"href":"https:\/\/alground.com\/site\/wp-json\/wp\/v2\/pages"}],"about":[{"href":"https:\/\/alground.com\/site\/wp-json\/wp\/v2\/types\/page"}],"author":[{"embeddable":true,"href":"https:\/\/alground.com\/site\/wp-json\/wp\/v2\/users\/2"}],"replies":[{"embeddable":true,"href":"https:\/\/alground.com\/site\/wp-json\/wp\/v2\/comments?post=32602"}],"version-history":[{"count":0,"href":"https:\/\/alground.com\/site\/wp-json\/wp\/v2\/pages\/32602\/revisions"}],"wp:attachment":[{"href":"https:\/\/alground.com\/site\/wp-json\/wp\/v2\/media?parent=32602"}],"curies":[{"name":"wp","href":"https:\/\/api.w.org\/{rel}","templated":true}]}}